{"id":1079,"date":"2021-11-12T09:45:09","date_gmt":"2021-11-12T09:45:09","guid":{"rendered":"https:\/\/blockart-charity.sites.qsandbox.com\/?page_id=1079"},"modified":"2023-09-05T21:20:10","modified_gmt":"2023-09-05T19:20:10","slug":"causes","status":"publish","type":"page","link":"https:\/\/beguinjunger.ch\/index.php\/causes\/","title":{"rendered":"Politik"},"content":{"rendered":"\n<div class=\"blockart-section blockart-section-94e01444\"><div class=\"blockart-container\"><div class=\"blockart-section-inner\">\n<div class=\"blockart-column blockart-column-73cf92ce\"><div class=\"blockart-column-inner\">\n<h2 class=\"blockart-heading blockart-heading-e87f894e\">Meine politischen Themen<\/h2>\n\n\n\n<div class=\"blockart-section blockart-section-7a2d24ae\"><div class=\"blockart-container\"><div class=\"blockart-section-inner\">\n<div class=\"blockart-column blockart-column-659efa37\"><div class=\"blockart-column-inner\">\n<div class=\"blockart-image blockart-image-9ff85980\"><img loading=\"lazy\" decoding=\"async\" class=\"wp-image-876\" src=\"http:\/\/mpehwiv.cluster027.hosting.ovh.net\/wp-content\/uploads\/2021\/11\/loren-joseph.jpg\" alt=\"\" height=\"683\" width=\"765\"\/><\/div>\n\n\n\n<h3 class=\"blockart-heading blockart-heading-c790d8ec\">Familien- und Lebensmodelle<\/h3>\n\n\n\n<figure class=\"wp-block-image size-large\"><img loading=\"lazy\" decoding=\"async\" width=\"768\" height=\"1024\" src=\"https:\/\/beguinjunger.ch\/wp-content\/uploads\/2023\/07\/IMG_20230712_122303-768x1024.jpg\" alt=\"\" class=\"wp-image-1641\" srcset=\"https:\/\/beguinjunger.ch\/wp-content\/uploads\/2023\/07\/IMG_20230712_122303-768x1024.jpg 768w, https:\/\/beguinjunger.ch\/wp-content\/uploads\/2023\/07\/IMG_20230712_122303-225x300.jpg 225w, https:\/\/beguinjunger.ch\/wp-content\/uploads\/2023\/07\/IMG_20230712_122303-1152x1536.jpg 1152w, https:\/\/beguinjunger.ch\/wp-content\/uploads\/2023\/07\/IMG_20230712_122303-1536x2048.jpg 1536w, https:\/\/beguinjunger.ch\/wp-content\/uploads\/2023\/07\/IMG_20230712_122303-scaled.jpg 1920w\" sizes=\"auto, (max-width: 768px) 100vw, 768px\" \/><\/figure>\n\n\n\n<div class=\"blockart-buttons blockart-buttons-8e8b3bb8 is-wrap is-horizontal justify-left justify-left-md justify-left-sm\">\n<div class=\"blockart-button blockart-button-2255f1c7 \"><a class=\"blockart-button-link is-custom is-style-filled\">mich unterst\u00fctzen <\/a><\/div>\n<\/div>\n<\/div><\/div>\n\n\n\n<div class=\"blockart-column blockart-column-014e0f48\"><div class=\"blockart-column-inner\">\n<div class=\"blockart-image blockart-image-c3865695\"><img loading=\"lazy\" decoding=\"async\" class=\"wp-image-889\" src=\"http:\/\/mpehwiv.cluster027.hosting.ovh.net\/wp-content\/uploads\/2021\/11\/tadeusz-lakota.jpg\" alt=\"\" height=\"683\" width=\"765\"\/><\/div>\n\n\n\n<h3 class=\"blockart-heading blockart-heading-5c57f07b\">Gleichstellung<\/h3>\n\n\n\n<figure class=\"wp-block-image size-large\"><img loading=\"lazy\" decoding=\"async\" width=\"768\" height=\"1024\" src=\"https:\/\/beguinjunger.ch\/wp-content\/uploads\/2023\/09\/InCollage_20230603_101828438-1-768x1024.jpg\" alt=\"\" class=\"wp-image-1734\" srcset=\"https:\/\/beguinjunger.ch\/wp-content\/uploads\/2023\/09\/InCollage_20230603_101828438-1-768x1024.jpg 768w, https:\/\/beguinjunger.ch\/wp-content\/uploads\/2023\/09\/InCollage_20230603_101828438-1-225x300.jpg 225w, https:\/\/beguinjunger.ch\/wp-content\/uploads\/2023\/09\/InCollage_20230603_101828438-1-1152x1536.jpg 1152w, https:\/\/beguinjunger.ch\/wp-content\/uploads\/2023\/09\/InCollage_20230603_101828438-1-1536x2048.jpg 1536w, https:\/\/beguinjunger.ch\/wp-content\/uploads\/2023\/09\/InCollage_20230603_101828438-1-scaled.jpg 1920w\" sizes=\"auto, (max-width: 768px) 100vw, 768px\" \/><\/figure>\n\n\n\n<div class=\"blockart-buttons blockart-buttons-7d990108 is-wrap is-horizontal justify-left justify-left-md justify-left-sm\">\n<div class=\"blockart-button blockart-button-37d8df2e \"><a class=\"blockart-button-link is-custom is-style-filled\">mich unterst\u00fctzen<\/a><\/div>\n<\/div>\n<\/div><\/div>\n<\/div><\/div><\/div>\n\n\n\n<div class=\"blockart-section blockart-section-08f18e39\"><div class=\"blockart-container\"><div class=\"blockart-section-inner\">\n<div class=\"blockart-column blockart-column-e2747103\"><div class=\"blockart-column-inner\">\n<div class=\"blockart-image blockart-image-13dc069b\"><img loading=\"lazy\" decoding=\"async\" class=\"wp-image-983\" src=\"http:\/\/mpehwiv.cluster027.hosting.ovh.net\/wp-content\/uploads\/2021\/11\/bill-wegener.jpg\" alt=\"\" height=\"683\" width=\"765\"\/><\/div>\n\n\n\n<h3 class=\"blockart-heading blockart-heading-1a98b821\">Wirtschaft, Wissenschaft, Forschung und Innovation<\/h3>\n\n\n\n<figure class=\"wp-block-image size-large\"><img loading=\"lazy\" decoding=\"async\" width=\"768\" height=\"1024\" src=\"https:\/\/beguinjunger.ch\/wp-content\/uploads\/2023\/09\/IMG_20230816_122811-768x1024.jpg\" alt=\"\" class=\"wp-image-1736\" srcset=\"https:\/\/beguinjunger.ch\/wp-content\/uploads\/2023\/09\/IMG_20230816_122811-768x1024.jpg 768w, https:\/\/beguinjunger.ch\/wp-content\/uploads\/2023\/09\/IMG_20230816_122811-225x300.jpg 225w, https:\/\/beguinjunger.ch\/wp-content\/uploads\/2023\/09\/IMG_20230816_122811-1152x1536.jpg 1152w, https:\/\/beguinjunger.ch\/wp-content\/uploads\/2023\/09\/IMG_20230816_122811-1536x2048.jpg 1536w, https:\/\/beguinjunger.ch\/wp-content\/uploads\/2023\/09\/IMG_20230816_122811-scaled.jpg 1920w\" sizes=\"auto, (max-width: 768px) 100vw, 768px\" \/><\/figure>\n\n\n\n<div class=\"blockart-buttons blockart-buttons-9c35cc93 is-wrap is-horizontal justify-left justify-left-md justify-left-sm\">\n<div class=\"blockart-button blockart-button-1c9a0088 \"><a class=\"blockart-button-link is-custom is-style-filled\">Mich unterst\u00fctzen  <\/a><\/div>\n<\/div>\n<\/div><\/div>\n\n\n\n<div class=\"blockart-column blockart-column-58dd16e8\"><div class=\"blockart-column-inner\">\n<div class=\"blockart-image blockart-image-e027b5dc\"><img loading=\"lazy\" decoding=\"async\" class=\"wp-image-890\" src=\"http:\/\/mpehwiv.cluster027.hosting.ovh.net\/wp-content\/uploads\/2021\/11\/wilco-van-meppelen.jpg\" alt=\"\" height=\"683\" width=\"765\"\/><\/div>\n\n\n\n<h3 class=\"blockart-heading blockart-heading-383825a8\">Sicherheit <\/h3>\n\n\n\n<figure class=\"wp-block-image size-full\"><img loading=\"lazy\" decoding=\"async\" width=\"360\" height=\"640\" src=\"https:\/\/beguinjunger.ch\/wp-content\/uploads\/2023\/09\/344450839_1001218304374150_police.jpg\" alt=\"\" class=\"wp-image-1737\" srcset=\"https:\/\/beguinjunger.ch\/wp-content\/uploads\/2023\/09\/344450839_1001218304374150_police.jpg 360w, https:\/\/beguinjunger.ch\/wp-content\/uploads\/2023\/09\/344450839_1001218304374150_police-169x300.jpg 169w\" sizes=\"auto, (max-width: 360px) 100vw, 360px\" \/><\/figure>\n\n\n\n<div class=\"blockart-buttons blockart-buttons-6c8416a0 is-wrap is-horizontal justify-left justify-left-md justify-left-sm\">\n<div class=\"blockart-button blockart-button-bf4fa933 \"><a class=\"blockart-button-link is-custom is-style-filled\">mich unterst\u00fctzen<\/a><\/div>\n<\/div>\n<\/div><\/div>\n<\/div><\/div><\/div>\n<\/div><\/div>\n<\/div><\/div><\/div>\n\n\n\n<p>Meine politische Karriere nahm ihren Lauf in Gampelen: <\/p>\n\n\n\n<p>Per Januar 2002 wurde ich als Mitglied in die Kindergarten- und Schulkommission Gampelen gew\u00e4hlt. Hier \u00fcbte ich das Amt der Sekret\u00e4rin aus, war Zust\u00e4ndige f\u00fcr VESA und ROJA und half bei der Gesetzeserarbeitung zur Umsetzung des neuen Integrationsartikels mit.<\/p>\n\n\n\n<p>Die Wahl in den Gemeinderat erfolgte im Dezember 2007: ab 1. Januar 2008 amtete ich als Gemeinder\u00e4tin zuerst mit Ressort Bildung, ab 2010 Ressort-Wechsel (Wasser, Abwasser, Kehricht) und Vize-Gemeindepr\u00e4sidentin w\u00e4hrend acht Jahren. <\/p>\n\n\n\n<p>Im Dezember 2017 wurde ich als erste Frau in Gampelen ins Amt der Gemeindepr\u00e4sidentin gew\u00e4hlt und wirkte in dieser Funktion ab Januar 2018. <\/p>\n\n\n\n<p>Im Dezember 2021 stellte ich mich als Gemeindepr\u00e4sidentin erfolglos zur Wiederwahl. Aufgeben ist nicht mein Ding: Die FDP nominierte mich f\u00fcr die Grossratswahlen 2022. <\/p>\n\n\n\n<p>Im Juni 2022 wurde ich als Nachfolgerin von Madeleine Deckert zur Pr\u00e4sidentin FDP Biel\/Bienne-Seeland gew\u00e4hlt.<\/p>\n\n\n\n<p>Und da mir die Grossrats-Wahlkampagne nebst Einsatz und Zeit vor allem viel Freude und Spass bereitete, stelle ich mich als Nationalratskandidatin f\u00fcr die eidgen\u00f6ssischen Wahlen 2023 zur Verf\u00fcgung.<\/p>\n\n\n\n<figure class=\"wp-block-image size-full\"><img loading=\"lazy\" decoding=\"async\" width=\"677\" height=\"902\" src=\"https:\/\/beguinjunger.ch\/wp-content\/uploads\/2023\/06\/Hagneck_Seeseite.jpg\" alt=\"\" class=\"wp-image-1473\" srcset=\"https:\/\/beguinjunger.ch\/wp-content\/uploads\/2023\/06\/Hagneck_Seeseite.jpg 677w, https:\/\/beguinjunger.ch\/wp-content\/uploads\/2023\/06\/Hagneck_Seeseite-225x300.jpg 225w\" sizes=\"auto, (max-width: 677px) 100vw, 677px\" \/><\/figure>\n","protected":false},"excerpt":{"rendered":"<p>Meine politische Karriere nahm ihren Lauf in Gampelen: Per Januar 2002 wurde ich als Mitglied in die Kindergarten- und Schulkommission Gampelen gew\u00e4hlt. Hier \u00fcbte ich das Amt der Sekret\u00e4rin aus, war Zust\u00e4ndige f\u00fcr VESA und ROJA und half bei der Gesetzeserarbeitung zur Umsetzung des neuen Integrationsartikels mit. Die Wahl in den Gemeinderat erfolgte im Dezember [&hellip;]<\/p>\n","protected":false},"author":1,"featured_media":0,"parent":0,"menu_order":0,"comment_status":"closed","ping_status":"closed","template":"page-templates\/pagebuilder.php","meta":{"zakra_page_container_layout":"stretched","zakra_page_sidebar_layout":"no_sidebar","zakra_remove_content_margin":false,"zakra_sidebar":"customizer","zakra_transparent_header":"customizer","zakra_logo":1302,"zakra_main_header_style":"default","zakra_menu_item_color":"#16181a","zakra_menu_item_hover_color":"","zakra_menu_item_active_color":"","zakra_menu_active_style":"","zakra_page_header":true,"_uag_custom_page_level_css":"","_monsterinsights_skip_tracking":false,"_monsterinsights_sitenote_active":false,"_monsterinsights_sitenote_note":"","_monsterinsights_sitenote_category":0,"footnotes":""},"class_list":["post-1079","page","type-page","status-publish","hentry"],"uagb_featured_image_src":{"full":false,"thumbnail":false,"medium":false,"medium_large":false,"large":false,"1536x1536":false,"2048x2048":false},"uagb_author_info":{"display_name":"admin5055","author_link":"https:\/\/beguinjunger.ch\/index.php\/author\/admin5055\/"},"uagb_comment_info":0,"uagb_excerpt":"Meine politische Karriere nahm ihren Lauf in Gampelen: Per Januar 2002 wurde ich als Mitglied in die Kindergarten- und Schulkommission Gampelen gew\u00e4hlt. Hier \u00fcbte ich das Amt der Sekret\u00e4rin aus, war Zust\u00e4ndige f\u00fcr VESA und ROJA und half bei der Gesetzeserarbeitung zur Umsetzung des neuen Integrationsartikels mit. Die Wahl in den Gemeinderat erfolgte im Dezember&hellip;","_links":{"self":[{"href":"https:\/\/beguinjunger.ch\/index.php\/wp-json\/wp\/v2\/pages\/1079","targetHints":{"allow":["GET"]}}],"collection":[{"href":"https:\/\/beguinjunger.ch\/index.php\/wp-json\/wp\/v2\/pages"}],"about":[{"href":"https:\/\/beguinjunger.ch\/index.php\/wp-json\/wp\/v2\/types\/page"}],"author":[{"embeddable":true,"href":"https:\/\/beguinjunger.ch\/index.php\/wp-json\/wp\/v2\/users\/1"}],"replies":[{"embeddable":true,"href":"https:\/\/beguinjunger.ch\/index.php\/wp-json\/wp\/v2\/comments?post=1079"}],"version-history":[{"count":6,"href":"https:\/\/beguinjunger.ch\/index.php\/wp-json\/wp\/v2\/pages\/1079\/revisions"}],"predecessor-version":[{"id":1774,"href":"https:\/\/beguinjunger.ch\/index.php\/wp-json\/wp\/v2\/pages\/1079\/revisions\/1774"}],"wp:attachment":[{"href":"https:\/\/beguinjunger.ch\/index.php\/wp-json\/wp\/v2\/media?parent=1079"}],"curies":[{"name":"wp","href":"https:\/\/api.w.org\/{rel}","templated":true}]}}