{"id":1080,"date":"2021-11-12T09:45:10","date_gmt":"2021-11-12T08:45:10","guid":{"rendered":"https:\/\/blockart-charity.sites.qsandbox.com\/?page_id=1080"},"modified":"2025-07-23T22:08:00","modified_gmt":"2025-07-23T20:08:00","slug":"ueber-mich","status":"publish","type":"page","link":"https:\/\/beguinjunger.ch\/index.php\/ueber-mich\/","title":{"rendered":"\u00dcBER MICH"},"content":{"rendered":"\n<div class=\"blockart-section blockart-section-b82c55d0\"><div class=\"blockart-container\"><div class=\"blockart-section-inner\">\n<div class=\"blockart-column blockart-column-a916f7f6\"><div class=\"blockart-column-inner\">\n<h2 class=\"blockart-heading blockart-heading-c9bce7b8\">Lebenslauf<\/h2>\n\n\n\n<div class=\"blockart-section blockart-section-ea8c199e\"><div class=\"blockart-container\"><div class=\"blockart-section-inner\">\n<div class=\"blockart-column blockart-column-df6bdf9d\"><div class=\"blockart-column-inner\">\n<figure class=\"wp-block-image size-large\"><img loading=\"lazy\" decoding=\"async\" width=\"768\" height=\"1024\" src=\"https:\/\/beguinjunger.ch\/wp-content\/uploads\/2023\/07\/IMG_20230709_165913-768x1024.jpg\" alt=\"\" class=\"wp-image-1640\" srcset=\"https:\/\/beguinjunger.ch\/wp-content\/uploads\/2023\/07\/IMG_20230709_165913-768x1024.jpg 768w, https:\/\/beguinjunger.ch\/wp-content\/uploads\/2023\/07\/IMG_20230709_165913-225x300.jpg 225w, https:\/\/beguinjunger.ch\/wp-content\/uploads\/2023\/07\/IMG_20230709_165913-1152x1536.jpg 1152w, https:\/\/beguinjunger.ch\/wp-content\/uploads\/2023\/07\/IMG_20230709_165913-1536x2048.jpg 1536w, https:\/\/beguinjunger.ch\/wp-content\/uploads\/2023\/07\/IMG_20230709_165913-scaled.jpg 1920w\" sizes=\"auto, (max-width: 768px) 100vw, 768px\" \/><\/figure>\n\n\n\n<p>Ich bin am 19. M\u00e4rz 1970 in Frauenfeld TG geboren, wohnhaft in M\u00fchlebach \/Amriswil; 1981 folgte ein Umzug nach Weinfelden. &lt;br><\/p>\n\n\n\n<p>Weitere Stationen meiner Wohnorte:<\/p>\n\n\n\n<p>Renens VD &lt;br> Serri\u00e8res NE &lt;br> St-Aubin NE &lt;br> Dalkey IRE &lt;br><\/p>\n\n\n\n<figure class=\"wp-block-image size-large\"><img loading=\"lazy\" decoding=\"async\" width=\"576\" height=\"1024\" src=\"https:\/\/beguinjunger.ch\/wp-content\/uploads\/2025\/07\/Snapchat-707974739-1-576x1024.jpg\" alt=\"\" class=\"wp-image-1830\" srcset=\"https:\/\/beguinjunger.ch\/wp-content\/uploads\/2025\/07\/Snapchat-707974739-1-576x1024.jpg 576w, https:\/\/beguinjunger.ch\/wp-content\/uploads\/2025\/07\/Snapchat-707974739-1-169x300.jpg 169w, https:\/\/beguinjunger.ch\/wp-content\/uploads\/2025\/07\/Snapchat-707974739-1-768x1365.jpg 768w, https:\/\/beguinjunger.ch\/wp-content\/uploads\/2025\/07\/Snapchat-707974739-1-864x1536.jpg 864w, https:\/\/beguinjunger.ch\/wp-content\/uploads\/2025\/07\/Snapchat-707974739-1-1152x2048.jpg 1152w, https:\/\/beguinjunger.ch\/wp-content\/uploads\/2025\/07\/Snapchat-707974739-1-scaled.jpg 1440w\" sizes=\"auto, (max-width: 576px) 100vw, 576px\" \/><figcaption class=\"wp-element-caption\">Irland<\/figcaption><\/figure>\n\n\n\n<p> Frauenfeld TG &lt;br> Fleurier NE &lt;br>Orpund BE&lt;br> seit 1998 in Gampelen BE<\/p>\n\n\n\n<figure class=\"wp-block-image size-large\"><img loading=\"lazy\" decoding=\"async\" width=\"576\" height=\"1024\" src=\"https:\/\/beguinjunger.ch\/wp-content\/uploads\/2025\/07\/Snapchat-137725463-576x1024.jpg\" alt=\"\" class=\"wp-image-1821\" srcset=\"https:\/\/beguinjunger.ch\/wp-content\/uploads\/2025\/07\/Snapchat-137725463-576x1024.jpg 576w, https:\/\/beguinjunger.ch\/wp-content\/uploads\/2025\/07\/Snapchat-137725463-169x300.jpg 169w, https:\/\/beguinjunger.ch\/wp-content\/uploads\/2025\/07\/Snapchat-137725463-768x1365.jpg 768w, https:\/\/beguinjunger.ch\/wp-content\/uploads\/2025\/07\/Snapchat-137725463-864x1536.jpg 864w, https:\/\/beguinjunger.ch\/wp-content\/uploads\/2025\/07\/Snapchat-137725463-1152x2048.jpg 1152w, https:\/\/beguinjunger.ch\/wp-content\/uploads\/2025\/07\/Snapchat-137725463-scaled.jpg 1440w\" sizes=\"auto, (max-width: 576px) 100vw, 576px\" \/><figcaption class=\"wp-element-caption\">Kanton Thurgau<\/figcaption><\/figure>\n\n\n\n<p>Um 1998 am neuen Wohnort Gampelen Fuss zu fassen, engagierte ich mich in der Damenriege und \u00fcbernahm das Amt der Vize-Pr\u00e4sidentin.<\/p>\n\n\n\n<figure class=\"wp-block-image size-large\"><img loading=\"lazy\" decoding=\"async\" width=\"576\" height=\"1024\" src=\"https:\/\/beguinjunger.ch\/wp-content\/uploads\/2025\/07\/Snapchat-1788154845-576x1024.jpg\" alt=\"\" class=\"wp-image-1811\" srcset=\"https:\/\/beguinjunger.ch\/wp-content\/uploads\/2025\/07\/Snapchat-1788154845-576x1024.jpg 576w, https:\/\/beguinjunger.ch\/wp-content\/uploads\/2025\/07\/Snapchat-1788154845-169x300.jpg 169w, https:\/\/beguinjunger.ch\/wp-content\/uploads\/2025\/07\/Snapchat-1788154845-768x1365.jpg 768w, https:\/\/beguinjunger.ch\/wp-content\/uploads\/2025\/07\/Snapchat-1788154845-864x1536.jpg 864w, https:\/\/beguinjunger.ch\/wp-content\/uploads\/2025\/07\/Snapchat-1788154845-1152x2048.jpg 1152w, https:\/\/beguinjunger.ch\/wp-content\/uploads\/2025\/07\/Snapchat-1788154845-scaled.jpg 1440w\" sizes=\"auto, (max-width: 576px) 100vw, 576px\" \/><\/figure>\n\n\n\n<p>Im Juni 2000 startete ich wieder ins bezahlte Berufsleben, als Personalassistentin im Massnahmenzentrum St. Johannsen Le Landeron\/Gals (heute Justizvollzugsanstalt). <\/p>\n\n\n\n<figure class=\"wp-block-image size-large\"><img loading=\"lazy\" decoding=\"async\" width=\"768\" height=\"1024\" src=\"https:\/\/beguinjunger.ch\/wp-content\/uploads\/2023\/09\/IMG_20230819_122231-768x1024.jpg\" alt=\"\" class=\"wp-image-1730\" srcset=\"https:\/\/beguinjunger.ch\/wp-content\/uploads\/2023\/09\/IMG_20230819_122231-768x1023.jpg 768w, https:\/\/beguinjunger.ch\/wp-content\/uploads\/2023\/09\/IMG_20230819_122231-225x300.jpg 225w, https:\/\/beguinjunger.ch\/wp-content\/uploads\/2023\/09\/IMG_20230819_122231.jpg 803w\" sizes=\"auto, (max-width: 768px) 100vw, 768px\" \/><\/figure>\n\n\n\n<figure class=\"wp-block-image size-large\"><img loading=\"lazy\" decoding=\"async\" width=\"576\" height=\"1024\" src=\"https:\/\/beguinjunger.ch\/wp-content\/uploads\/2025\/07\/Snapchat-305458000-576x1024.jpg\" alt=\"\" class=\"wp-image-1822\" srcset=\"https:\/\/beguinjunger.ch\/wp-content\/uploads\/2025\/07\/Snapchat-305458000-576x1024.jpg 576w, https:\/\/beguinjunger.ch\/wp-content\/uploads\/2025\/07\/Snapchat-305458000-169x300.jpg 169w, https:\/\/beguinjunger.ch\/wp-content\/uploads\/2025\/07\/Snapchat-305458000-768x1365.jpg 768w, https:\/\/beguinjunger.ch\/wp-content\/uploads\/2025\/07\/Snapchat-305458000-864x1536.jpg 864w, https:\/\/beguinjunger.ch\/wp-content\/uploads\/2025\/07\/Snapchat-305458000-1152x2048.jpg 1152w, https:\/\/beguinjunger.ch\/wp-content\/uploads\/2025\/07\/Snapchat-305458000-scaled.jpg 1440w\" sizes=\"auto, (max-width: 576px) 100vw, 576px\" \/><\/figure>\n\n\n\n<p>\u00a0<\/p>\n\n\n\n<p><\/p>\n\n\n\n<p><\/p>\n\n\n\n<p class=\"blockart-paragraph blockart-paragraph-e73ebb22\">I am text block. In Bearbeitung  <\/p>\n<\/div><\/div>\n\n\n\n<div class=\"blockart-column blockart-column-68b26971\"><div class=\"blockart-column-inner\">\n<p class=\"has-black-color has-text-color has-link-color has-medium-font-size wp-elements-fb4cfe7c60bce4539deb6774b195088d\">Meine Aus- und Weiterbildungen<\/p>\n\n\n\n<figure class=\"wp-block-image size-full\"><img loading=\"lazy\" decoding=\"async\" width=\"393\" height=\"442\" src=\"https:\/\/beguinjunger.ch\/wp-content\/uploads\/2023\/09\/img_xlargePolizei-TG_Symbol.jpg\" alt=\"\" class=\"wp-image-1748\" srcset=\"https:\/\/beguinjunger.ch\/wp-content\/uploads\/2023\/09\/img_xlargePolizei-TG_Symbol.jpg 393w, https:\/\/beguinjunger.ch\/wp-content\/uploads\/2023\/09\/img_xlargePolizei-TG_Symbol-267x300.jpg 267w\" sizes=\"auto, (max-width: 393px) 100vw, 393px\" \/><\/figure>\n\n\n\n<p>Employ\u00e9e de maison m\u00e9nage priv\u00e9 &lt; br > Floristin &lt;br> Polizistin &lt;br> Personalassistentin &lt;br> zert. Sachbearbeiterin Sozialversicherungen &lt;br> Berufsbildnerin<\/p>\n\n\n\n<figure class=\"wp-block-image size-large\"><img loading=\"lazy\" decoding=\"async\" width=\"769\" height=\"1024\" src=\"https:\/\/beguinjunger.ch\/wp-content\/uploads\/2023\/09\/IMG_20230809_182927-769x1024.jpg\" alt=\"\" class=\"wp-image-1729\" srcset=\"https:\/\/beguinjunger.ch\/wp-content\/uploads\/2023\/09\/IMG_20230809_182927-769x1024.jpg 769w, https:\/\/beguinjunger.ch\/wp-content\/uploads\/2023\/09\/IMG_20230809_182927-225x300.jpg 225w, https:\/\/beguinjunger.ch\/wp-content\/uploads\/2023\/09\/IMG_20230809_182927-768x1022.jpg 768w, https:\/\/beguinjunger.ch\/wp-content\/uploads\/2023\/09\/IMG_20230809_182927-1154x1536.jpg 1154w, https:\/\/beguinjunger.ch\/wp-content\/uploads\/2023\/09\/IMG_20230809_182927-scaled.jpg 1923w\" sizes=\"auto, (max-width: 769px) 100vw, 769px\" \/><\/figure>\n\n\n\n<p class=\"has-medium-font-size\"><\/p>\n\n\n\n<figure class=\"wp-block-image size-large\"><img loading=\"lazy\" decoding=\"async\" width=\"576\" height=\"1024\" src=\"https:\/\/beguinjunger.ch\/wp-content\/uploads\/2025\/07\/Snapchat-1146267020-1-576x1024.jpg\" alt=\"\" class=\"wp-image-1834\" srcset=\"https:\/\/beguinjunger.ch\/wp-content\/uploads\/2025\/07\/Snapchat-1146267020-1-576x1024.jpg 576w, https:\/\/beguinjunger.ch\/wp-content\/uploads\/2025\/07\/Snapchat-1146267020-1-169x300.jpg 169w, https:\/\/beguinjunger.ch\/wp-content\/uploads\/2025\/07\/Snapchat-1146267020-1-768x1365.jpg 768w, https:\/\/beguinjunger.ch\/wp-content\/uploads\/2025\/07\/Snapchat-1146267020-1-864x1536.jpg 864w, https:\/\/beguinjunger.ch\/wp-content\/uploads\/2025\/07\/Snapchat-1146267020-1-1152x2048.jpg 1152w, https:\/\/beguinjunger.ch\/wp-content\/uploads\/2025\/07\/Snapchat-1146267020-1-scaled.jpg 1440w\" sizes=\"auto, (max-width: 576px) 100vw, 576px\" \/><figcaption class=\"wp-element-caption\"> FDP.Die Liberalen        <br>Mitglied seit Herbst 2021 <\/figcaption><\/figure>\n\n\n\n<figure class=\"wp-block-image size-large\"><img loading=\"lazy\" decoding=\"async\" width=\"1024\" height=\"1024\" src=\"https:\/\/beguinjunger.ch\/wp-content\/uploads\/2025\/07\/IMG_20250308_003100_188-1024x1024.jpg\" alt=\"\" class=\"wp-image-1788\" srcset=\"https:\/\/beguinjunger.ch\/wp-content\/uploads\/2025\/07\/IMG_20250308_003100_188-1024x1024.jpg 1024w, https:\/\/beguinjunger.ch\/wp-content\/uploads\/2025\/07\/IMG_20250308_003100_188-300x300.jpg 300w, https:\/\/beguinjunger.ch\/wp-content\/uploads\/2025\/07\/IMG_20250308_003100_188-150x150.jpg 150w, https:\/\/beguinjunger.ch\/wp-content\/uploads\/2025\/07\/IMG_20250308_003100_188-768x768.jpg 768w, https:\/\/beguinjunger.ch\/wp-content\/uploads\/2025\/07\/IMG_20250308_003100_188.jpg 1440w\" sizes=\"auto, (max-width: 1024px) 100vw, 1024px\" \/><\/figure>\n\n\n\n<p><\/p>\n\n\n\n<figure class=\"wp-block-image size-large\"><img loading=\"lazy\" decoding=\"async\" width=\"768\" height=\"1024\" src=\"https:\/\/beguinjunger.ch\/wp-content\/uploads\/2023\/09\/IMG_20230712_125043-768x1024.jpg\" alt=\"\" class=\"wp-image-1731\" srcset=\"https:\/\/beguinjunger.ch\/wp-content\/uploads\/2023\/09\/IMG_20230712_125043-768x1024.jpg 768w, https:\/\/beguinjunger.ch\/wp-content\/uploads\/2023\/09\/IMG_20230712_125043-225x300.jpg 225w, https:\/\/beguinjunger.ch\/wp-content\/uploads\/2023\/09\/IMG_20230712_125043-1152x1536.jpg 1152w, https:\/\/beguinjunger.ch\/wp-content\/uploads\/2023\/09\/IMG_20230712_125043-1536x2048.jpg 1536w, https:\/\/beguinjunger.ch\/wp-content\/uploads\/2023\/09\/IMG_20230712_125043-scaled.jpg 1920w\" sizes=\"auto, (max-width: 768px) 100vw, 768px\" \/><\/figure>\n<\/div><\/div>\n\n\n\n<div class=\"blockart-column blockart-column-4f9ee8b6\"><div class=\"blockart-column-inner\">\n<h2 class=\"wp-block-heading has-black-color has-text-color has-link-color has-medium-font-size wp-elements-22c1ceeb64d6642cc3845e4306d411ac\">Freizeit \/ Ehren\u00e4mter<\/h2>\n\n\n\n<figure class=\"wp-block-image size-full\"><img loading=\"lazy\" decoding=\"async\" width=\"1440\" height=\"2560\" src=\"https:\/\/beguinjunger.ch\/wp-content\/uploads\/2025\/07\/Snapchat-349014153-scaled.jpg\" alt=\"\" class=\"wp-image-1823\" srcset=\"https:\/\/beguinjunger.ch\/wp-content\/uploads\/2025\/07\/Snapchat-349014153-scaled.jpg 1440w, https:\/\/beguinjunger.ch\/wp-content\/uploads\/2025\/07\/Snapchat-349014153-169x300.jpg 169w, https:\/\/beguinjunger.ch\/wp-content\/uploads\/2025\/07\/Snapchat-349014153-576x1024.jpg 576w, https:\/\/beguinjunger.ch\/wp-content\/uploads\/2025\/07\/Snapchat-349014153-768x1365.jpg 768w, https:\/\/beguinjunger.ch\/wp-content\/uploads\/2025\/07\/Snapchat-349014153-864x1536.jpg 864w, https:\/\/beguinjunger.ch\/wp-content\/uploads\/2025\/07\/Snapchat-349014153-1152x2048.jpg 1152w\" sizes=\"auto, (max-width: 1440px) 100vw, 1440px\" \/><figcaption class=\"wp-element-caption\"><a href=\"https:\/\/bruettelenbad.ch\/\">Br\u00fcttelenbad<\/a><\/figcaption><\/figure>\n\n\n\n<p>Schon immer engagierte ich mich gerne und war in jungen Jahren zeitweise Mitglied der M\u00e4dchenriege Amriswil, Hilfsleiterin Blauring Weinfelden, Mitglied Junge Kirche Weinfelden (Mithilfe in Camps). Mit regelm\u00e4ssigem H\u00fcten von Kindern verdiente ich mir mein Taschengeld.<\/p>\n\n\n\n<figure class=\"wp-block-image size-large\"><img loading=\"lazy\" decoding=\"async\" width=\"576\" height=\"1024\" src=\"https:\/\/beguinjunger.ch\/wp-content\/uploads\/2025\/07\/Snapchat-1099350036-1-576x1024.jpg\" alt=\"\" class=\"wp-image-1833\" srcset=\"https:\/\/beguinjunger.ch\/wp-content\/uploads\/2025\/07\/Snapchat-1099350036-1-576x1024.jpg 576w, https:\/\/beguinjunger.ch\/wp-content\/uploads\/2025\/07\/Snapchat-1099350036-1-169x300.jpg 169w, https:\/\/beguinjunger.ch\/wp-content\/uploads\/2025\/07\/Snapchat-1099350036-1-768x1365.jpg 768w, https:\/\/beguinjunger.ch\/wp-content\/uploads\/2025\/07\/Snapchat-1099350036-1-864x1536.jpg 864w, https:\/\/beguinjunger.ch\/wp-content\/uploads\/2025\/07\/Snapchat-1099350036-1-1152x2048.jpg 1152w, https:\/\/beguinjunger.ch\/wp-content\/uploads\/2025\/07\/Snapchat-1099350036-1-scaled.jpg 1440w\" sizes=\"auto, (max-width: 576px) 100vw, 576px\" \/><figcaption class=\"wp-element-caption\"><a href=\"https:\/\/de.alliancef.ch\/\">Alliance F<\/a><\/figcaption><\/figure>\n\n\n\n<figure class=\"wp-block-image size-large\"><img loading=\"lazy\" decoding=\"async\" width=\"576\" height=\"1024\" src=\"https:\/\/beguinjunger.ch\/wp-content\/uploads\/2025\/07\/Snapchat-1943279285-576x1024.jpg\" alt=\"\" class=\"wp-image-1813\" srcset=\"https:\/\/beguinjunger.ch\/wp-content\/uploads\/2025\/07\/Snapchat-1943279285-576x1024.jpg 576w, https:\/\/beguinjunger.ch\/wp-content\/uploads\/2025\/07\/Snapchat-1943279285-169x300.jpg 169w, https:\/\/beguinjunger.ch\/wp-content\/uploads\/2025\/07\/Snapchat-1943279285-768x1365.jpg 768w, https:\/\/beguinjunger.ch\/wp-content\/uploads\/2025\/07\/Snapchat-1943279285-864x1536.jpg 864w, https:\/\/beguinjunger.ch\/wp-content\/uploads\/2025\/07\/Snapchat-1943279285-1152x2048.jpg 1152w, https:\/\/beguinjunger.ch\/wp-content\/uploads\/2025\/07\/Snapchat-1943279285-scaled.jpg 1440w\" sizes=\"auto, (max-width: 576px) 100vw, 576px\" \/><figcaption class=\"wp-element-caption\"><a href=\"https:\/\/www.youtube.com\/watch?time_continue=15&amp;v=fMdlEeLum6g&amp;embeds_referring_euri=https%3A%2F%2Fde.alliancef.ch%2F&amp;source_ve_path=Mjg2NjIsMjg2NjIsMjg2NjY\">125 Jahre Alliance F Jubil\u00e4umsvideo<\/a><\/figcaption><\/figure>\n\n\n\n<p><\/p>\n<\/div><\/div>\n<\/div><\/div><\/div>\n<\/div><\/div>\n<\/div><\/div><\/div>\n\n\n\n<div class=\"blockart-section blockart-section-4cbdff45\"><div class=\"blockart-overlay\"><\/div><div class=\"blockart-container\"><div class=\"blockart-section-inner\">\n<div class=\"blockart-column blockart-column-2a56b739\"><div class=\"blockart-column-inner\"><\/div><\/div>\n\n\n\n<div class=\"blockart-column blockart-column-4903d490\"><div class=\"blockart-column-inner\">\n<h2 class=\"blockart-heading blockart-heading-ec15b3bb\">1<\/h2>\n\n\n\n<p class=\"blockart-paragraph blockart-paragraph-92e0009d\">I am text block. In Bearbeitung<\/p>\n\n\n\n<h2 class=\"blockart-heading blockart-heading-8882ed45\"><strong><strong>3<\/strong><\/strong><\/h2>\n\n\n\n<p class=\"blockart-paragraph blockart-paragraph-364f34c1\"><strong><a href=\"https:\/\/www.youtube.com\/watch?time_continue=15&amp;v=fMdlEeLum6g&amp;embeds_referring_euri=https%3A%2F%2Fde.alliancef.ch%2F&amp;source_ve_path=Mjg2NjIsMjg2NjIsMjg2NjY\">125 Jahre Alliance F Jubil\u00e4umsvideo<\/a><\/strong><br><strong>In Bearbeitung<\/strong><\/p>\n<\/div><\/div>\n\n\n\n<div class=\"blockart-column blockart-column-fdde61ad\"><div class=\"blockart-column-inner\">\n<h2 class=\"blockart-heading blockart-heading-6c9addd4\"><strong><strong>2<\/strong><\/strong><\/h2>\n\n\n\n<p class=\"blockart-paragraph blockart-paragraph-9aaa4857\"><strong>I am text block. In Bearbeitung<\/strong><\/p>\n\n\n\n<h2 class=\"blockart-heading blockart-heading-1b019620\"><strong><strong><strong>4<\/strong><\/strong><\/strong><\/h2>\n\n\n\n<p class=\"blockart-paragraph blockart-paragraph-47f3bb4f\"><strong><strong>I am text block. In BearbeitungONATE<\/strong><\/strong><\/p>\n<\/div><\/div>\n<\/div><\/div><\/div>\n\n\n\n<div class=\"blockart-section blockart-section-92eea1d9\"><div class=\"blockart-container\"><div class=\"blockart-section-inner\">\n<div class=\"blockart-column blockart-column-37f152f6\"><div class=\"blockart-column-inner\">\n<figure class=\"blockart-image blockart-image-e7b9aae2\"><img loading=\"lazy\" decoding=\"async\" class=\"wp-image-898 hover-effect-static filter-none mask mask-none\" src=\"http:\/\/mpehwiv.cluster027.hosting.ovh.net\/wp-content\/uploads\/2021\/11\/rawpixel-1.jpg\" alt=\"\" height=\"683\" width=\"765\"\/><\/figure>\n<\/div><\/div>\n<\/div><\/div><\/div>\n","protected":false},"excerpt":{"rendered":"","protected":false},"author":1,"featured_media":0,"parent":0,"menu_order":0,"comment_status":"closed","ping_status":"closed","template":"page-templates\/pagebuilder.php","meta":{"zakra_page_container_layout":"stretched","zakra_page_sidebar_layout":"no_sidebar","zakra_remove_content_margin":false,"zakra_sidebar":"customizer","zakra_transparent_header":"customizer","zakra_logo":1302,"zakra_main_header_style":"default","zakra_menu_item_color":"#16181a","zakra_menu_item_hover_color":"","zakra_menu_item_active_color":"","zakra_menu_active_style":"","zakra_page_header":true,"_uag_custom_page_level_css":"","_monsterinsights_skip_tracking":false,"_monsterinsights_sitenote_active":false,"_monsterinsights_sitenote_note":"","_monsterinsights_sitenote_category":0,"footnotes":""},"class_list":["post-1080","page","type-page","status-publish","hentry"],"uagb_featured_image_src":{"full":false,"thumbnail":false,"medium":false,"medium_large":false,"large":false,"1536x1536":false,"2048x2048":false},"uagb_author_info":{"display_name":"admin5055","author_link":"https:\/\/beguinjunger.ch\/index.php\/author\/admin5055\/"},"uagb_comment_info":0,"uagb_excerpt":null,"_links":{"self":[{"href":"https:\/\/beguinjunger.ch\/index.php\/wp-json\/wp\/v2\/pages\/1080","targetHints":{"allow":["GET"]}}],"collection":[{"href":"https:\/\/beguinjunger.ch\/index.php\/wp-json\/wp\/v2\/pages"}],"about":[{"href":"https:\/\/beguinjunger.ch\/index.php\/wp-json\/wp\/v2\/types\/page"}],"author":[{"embeddable":true,"href":"https:\/\/beguinjunger.ch\/index.php\/wp-json\/wp\/v2\/users\/1"}],"replies":[{"embeddable":true,"href":"https:\/\/beguinjunger.ch\/index.php\/wp-json\/wp\/v2\/comments?post=1080"}],"version-history":[{"count":14,"href":"https:\/\/beguinjunger.ch\/index.php\/wp-json\/wp\/v2\/pages\/1080\/revisions"}],"predecessor-version":[{"id":1835,"href":"https:\/\/beguinjunger.ch\/index.php\/wp-json\/wp\/v2\/pages\/1080\/revisions\/1835"}],"wp:attachment":[{"href":"https:\/\/beguinjunger.ch\/index.php\/wp-json\/wp\/v2\/media?parent=1080"}],"curies":[{"name":"wp","href":"https:\/\/api.w.org\/{rel}","templated":true}]}}