{"id":1510,"date":"2023-06-25T18:33:05","date_gmt":"2023-06-25T16:33:05","guid":{"rendered":"http:\/\/mpehwiv.cluster027.hosting.ovh.net\/?page_id=1510"},"modified":"2023-09-05T21:49:58","modified_gmt":"2023-09-05T19:49:58","slug":"mich-unterstuetzen","status":"publish","type":"page","link":"https:\/\/beguinjunger.ch\/index.php\/mich-unterstuetzen\/","title":{"rendered":"MICH UNTERST\u00dcTZEN"},"content":{"rendered":"\n<p>Prima, du willst mich unterst\u00fctzen! Das freut mich sehr, denn auf Unterst\u00fctzung bin ich angewiesen. Nun gibt es verschiedene Arten mich in meiner Wahlkampagne zu unterst\u00fctzen. Untenstehend findest du drei M\u00f6glichkeiten zur Auswahl. Falls du spenden m\u00f6chtest, findest du auch die IBAN weiter unten. Oder direkt \u00fcber das Formular via Link bei <a href=\"https:\/\/unterstuetzen.ch\/kandidat\/Barbara-Beguin-Juenger-in-den-Nationalrat\">unterstuetzen.ch<\/a>.<\/p>\n\n\n\n<p>Herzlichen Dank f\u00fcr deine Unterst\u00fctzung, ob mit Geld, guten Gedanken, einem Textbeitrag oder mit tatkr\u00e4ftiger Hilfe!<\/p>\n\n\n<div class=\"wpforms-container wpforms-container-full wpforms-block wpforms-block-f6327e21-922c-49b3-9db7-c0f99f5bf0af wpforms-render-modern\" id=\"wpforms-1513\"><form id=\"wpforms-form-1513\" class=\"wpforms-validate wpforms-form wpforms-ajax-form\" data-formid=\"1513\" method=\"post\" enctype=\"multipart\/form-data\" action=\"\/index.php\/wp-json\/wp\/v2\/pages\/1510\" data-token=\"1b35aeda7c7ce5f5150d527d104e3f80\" data-token-time=\"1776771981\"><noscript class=\"wpforms-error-noscript\">Bitte aktiviere JavaScript in deinem Browser, um dieses Formular fertigzustellen.<\/noscript><div id=\"wpforms-error-noscript\" style=\"display: none;\">Bitte aktiviere JavaScript in deinem Browser, um dieses Formular fertigzustellen.<\/div><div class=\"wpforms-field-container\"><div id=\"wpforms-1513-field_3-container\" class=\"wpforms-field wpforms-field-checkbox\" data-field-id=\"3\"><fieldset><legend class=\"wpforms-field-label\">Mich unterst\u00fctzen<\/legend><ul id=\"wpforms-1513-field_3\"><li class=\"choice-1 depth-1\"><input type=\"checkbox\" id=\"wpforms-1513-field_3_1\" name=\"wpforms[fields][3][]\" value=\"Ich m\u00f6chte spenden. Bitte nimm Kontakt mit mir auf.\" aria-errormessage=\"wpforms-1513-field_3_1-error\"  ><label class=\"wpforms-field-label-inline\" for=\"wpforms-1513-field_3_1\">Ich m\u00f6chte spenden. Bitte nimm Kontakt mit mir auf.<\/label><\/li><li class=\"choice-2 depth-1\"><input type=\"checkbox\" id=\"wpforms-1513-field_3_2\" name=\"wpforms[fields][3][]\" value=\"Ich m\u00f6chte ein Plakat von dir auf meinem Grundst\u00fcck aufzustellen.\" aria-errormessage=\"wpforms-1513-field_3_2-error\"  ><label class=\"wpforms-field-label-inline\" for=\"wpforms-1513-field_3_2\">Ich m\u00f6chte ein Plakat von dir auf meinem Grundst\u00fcck aufzustellen.<\/label><\/li><li class=\"choice-3 depth-1\"><input type=\"checkbox\" id=\"wpforms-1513-field_3_3\" name=\"wpforms[fields][3][]\" value=\"Ich m\u00f6chte auf deiner Website oder auf Social Media f\u00fcr dich werben (Testimonial).\" aria-errormessage=\"wpforms-1513-field_3_3-error\"  ><label class=\"wpforms-field-label-inline\" for=\"wpforms-1513-field_3_3\">Ich m\u00f6chte auf deiner Website oder auf Social Media f\u00fcr dich werben (Testimonial).<\/label><\/li><\/ul><\/fieldset><\/div><div id=\"wpforms-1513-field_1-container\" class=\"wpforms-field wpforms-field-name\" data-field-id=\"1\"><fieldset><legend class=\"wpforms-field-label\">Name <span class=\"wpforms-required-label\" aria-hidden=\"true\">*<\/span><\/legend><div class=\"wpforms-field-row wpforms-field-medium\"><div class=\"wpforms-field-row-block wpforms-first wpforms-one-half\"><input type=\"text\" id=\"wpforms-1513-field_1\" class=\"wpforms-field-name-first wpforms-field-required\" name=\"wpforms[fields][1][first]\" aria-errormessage=\"wpforms-1513-field_1-error\" required><label for=\"wpforms-1513-field_1\" class=\"wpforms-field-sublabel after\">Vorname<\/label><\/div><div class=\"wpforms-field-row-block wpforms-one-half\"><input type=\"text\" id=\"wpforms-1513-field_1-last\" class=\"wpforms-field-name-last wpforms-field-required\" name=\"wpforms[fields][1][last]\" aria-errormessage=\"wpforms-1513-field_1-last-error\" required><label for=\"wpforms-1513-field_1-last\" class=\"wpforms-field-sublabel after\">Nachname<\/label><\/div><\/div><\/fieldset><\/div><div id=\"wpforms-1513-field_2-container\" class=\"wpforms-field wpforms-field-email\" data-field-id=\"2\"><label class=\"wpforms-field-label\" for=\"wpforms-1513-field_2\">Email <span class=\"wpforms-required-label\" aria-hidden=\"true\">*<\/span><\/label><input type=\"email\" id=\"wpforms-1513-field_2\" class=\"wpforms-field-medium wpforms-field-required\" name=\"wpforms[fields][2]\" spellcheck=\"false\" aria-errormessage=\"wpforms-1513-field_2-error\" required><\/div><div id=\"wpforms-1513-field_4-container\" class=\"wpforms-field wpforms-field-textarea\" data-field-id=\"4\"><label class=\"wpforms-field-label\" for=\"wpforms-1513-field_4\">Nachricht<\/label><textarea id=\"wpforms-1513-field_4\" class=\"wpforms-field-medium\" name=\"wpforms[fields][4]\" aria-errormessage=\"wpforms-1513-field_4-error\" ><\/textarea><\/div><\/div><!-- .wpforms-field-container --><div class=\"wpforms-submit-container\" ><input type=\"hidden\" name=\"wpforms[id]\" value=\"1513\"><input type=\"hidden\" name=\"page_title\" value=\"\"><input type=\"hidden\" name=\"page_url\" value=\"https:\/\/beguinjunger.ch\/index.php\/wp-json\/wp\/v2\/pages\/1510\"><input type=\"hidden\" name=\"url_referer\" value=\"\"><button type=\"submit\" name=\"wpforms[submit]\" id=\"wpforms-submit-1513\" class=\"wpforms-submit\" data-alt-text=\"Wird gesendet...\" data-submit-text=\"Senden\" aria-live=\"assertive\" value=\"wpforms-submit\">Senden<\/button><img loading=\"lazy\" decoding=\"async\" src=\"https:\/\/beguinjunger.ch\/wp-content\/plugins\/wpforms-lite\/assets\/images\/submit-spin.svg\" class=\"wpforms-submit-spinner\" style=\"display: none;\" width=\"26\" height=\"26\" alt=\"Wird geladen\"><\/div><\/form><\/div>  <!-- .wpforms-container -->\n\n\n<div class=\"blockart-image blockart-image-47323d06\"><img loading=\"lazy\" decoding=\"async\" class=\"wp-image-1628\" src=\"https:\/\/beguinjunger.ch\/wp-content\/uploads\/2023\/07\/IMG_20230702_150212_730-scaled.jpg\" alt=\"\" height=\"2560\" width=\"2560\" srcset=\"https:\/\/beguinjunger.ch\/wp-content\/uploads\/2023\/07\/IMG_20230702_150212_730-scaled.jpg 2560w, https:\/\/beguinjunger.ch\/wp-content\/uploads\/2023\/07\/IMG_20230702_150212_730-300x300.jpg 300w, https:\/\/beguinjunger.ch\/wp-content\/uploads\/2023\/07\/IMG_20230702_150212_730-1024x1024.jpg 1024w, https:\/\/beguinjunger.ch\/wp-content\/uploads\/2023\/07\/IMG_20230702_150212_730-150x150.jpg 150w, https:\/\/beguinjunger.ch\/wp-content\/uploads\/2023\/07\/IMG_20230702_150212_730-768x768.jpg 768w, https:\/\/beguinjunger.ch\/wp-content\/uploads\/2023\/07\/IMG_20230702_150212_730-1536x1536.jpg 1536w, https:\/\/beguinjunger.ch\/wp-content\/uploads\/2023\/07\/IMG_20230702_150212_730-2048x2048.jpg 2048w\" sizes=\"auto, (max-width: 2560px) 100vw, 2560px\" \/><\/div>\n","protected":false},"excerpt":{"rendered":"<p>Prima, du willst mich unterst\u00fctzen! Das freut mich sehr, denn auf Unterst\u00fctzung bin ich angewiesen. Nun gibt es verschiedene Arten mich in meiner Wahlkampagne zu unterst\u00fctzen. Untenstehend findest du drei M\u00f6glichkeiten zur Auswahl. Falls du spenden m\u00f6chtest, findest du auch die IBAN weiter unten. Oder direkt \u00fcber das Formular via Link bei unterstuetzen.ch. Herzlichen Dank [&hellip;]<\/p>\n","protected":false},"author":1,"featured_media":1699,"parent":0,"menu_order":0,"comment_status":"closed","ping_status":"closed","template":"","meta":{"zakra_page_container_layout":"centered","zakra_page_sidebar_layout":"no_sidebar","zakra_remove_content_margin":false,"zakra_sidebar":"customizer","zakra_transparent_header":"customizer","zakra_logo":0,"zakra_main_header_style":"default","zakra_menu_item_color":null,"zakra_menu_item_hover_color":"","zakra_menu_item_active_color":"","zakra_menu_active_style":"","zakra_page_header":true,"_uag_custom_page_level_css":"","_monsterinsights_skip_tracking":false,"_monsterinsights_sitenote_active":false,"_monsterinsights_sitenote_note":"","_monsterinsights_sitenote_category":0,"footnotes":""},"class_list":["post-1510","page","type-page","status-publish","has-post-thumbnail","hentry"],"uagb_featured_image_src":{"full":["https:\/\/beguinjunger.ch\/wp-content\/uploads\/2023\/07\/Facebook-_Instagram-Kachel-230513115433.png",1080,1080,false],"thumbnail":["https:\/\/beguinjunger.ch\/wp-content\/uploads\/2023\/07\/Facebook-_Instagram-Kachel-230513115433-150x150.png",150,150,true],"medium":["https:\/\/beguinjunger.ch\/wp-content\/uploads\/2023\/07\/Facebook-_Instagram-Kachel-230513115433-300x300.png",300,300,true],"medium_large":["https:\/\/beguinjunger.ch\/wp-content\/uploads\/2023\/07\/Facebook-_Instagram-Kachel-230513115433-768x768.png",768,768,true],"large":["https:\/\/beguinjunger.ch\/wp-content\/uploads\/2023\/07\/Facebook-_Instagram-Kachel-230513115433-1024x1024.png",812,812,true],"1536x1536":["https:\/\/beguinjunger.ch\/wp-content\/uploads\/2023\/07\/Facebook-_Instagram-Kachel-230513115433.png",1080,1080,false],"2048x2048":["https:\/\/beguinjunger.ch\/wp-content\/uploads\/2023\/07\/Facebook-_Instagram-Kachel-230513115433.png",1080,1080,false]},"uagb_author_info":{"display_name":"admin5055","author_link":"https:\/\/beguinjunger.ch\/index.php\/author\/admin5055\/"},"uagb_comment_info":0,"uagb_excerpt":"Prima, du willst mich unterst\u00fctzen! Das freut mich sehr, denn auf Unterst\u00fctzung bin ich angewiesen. Nun gibt es verschiedene Arten mich in meiner Wahlkampagne zu unterst\u00fctzen. Untenstehend findest du drei M\u00f6glichkeiten zur Auswahl. Falls du spenden m\u00f6chtest, findest du auch die IBAN weiter unten. Oder direkt \u00fcber das Formular via Link bei unterstuetzen.ch. Herzlichen Dank&hellip;","_links":{"self":[{"href":"https:\/\/beguinjunger.ch\/index.php\/wp-json\/wp\/v2\/pages\/1510","targetHints":{"allow":["GET"]}}],"collection":[{"href":"https:\/\/beguinjunger.ch\/index.php\/wp-json\/wp\/v2\/pages"}],"about":[{"href":"https:\/\/beguinjunger.ch\/index.php\/wp-json\/wp\/v2\/types\/page"}],"author":[{"embeddable":true,"href":"https:\/\/beguinjunger.ch\/index.php\/wp-json\/wp\/v2\/users\/1"}],"replies":[{"embeddable":true,"href":"https:\/\/beguinjunger.ch\/index.php\/wp-json\/wp\/v2\/comments?post=1510"}],"version-history":[{"count":9,"href":"https:\/\/beguinjunger.ch\/index.php\/wp-json\/wp\/v2\/pages\/1510\/revisions"}],"predecessor-version":[{"id":1778,"href":"https:\/\/beguinjunger.ch\/index.php\/wp-json\/wp\/v2\/pages\/1510\/revisions\/1778"}],"wp:featuredmedia":[{"embeddable":true,"href":"https:\/\/beguinjunger.ch\/index.php\/wp-json\/wp\/v2\/media\/1699"}],"wp:attachment":[{"href":"https:\/\/beguinjunger.ch\/index.php\/wp-json\/wp\/v2\/media?parent=1510"}],"curies":[{"name":"wp","href":"https:\/\/api.w.org\/{rel}","templated":true}]}}