{"id":1664,"date":"2023-07-16T18:16:01","date_gmt":"2023-07-16T16:16:01","guid":{"rendered":"https:\/\/beguinjunger.ch\/?page_id=1664"},"modified":"2023-07-19T21:13:52","modified_gmt":"2023-07-19T19:13:52","slug":"mich-kontaktieren","status":"publish","type":"page","link":"https:\/\/beguinjunger.ch\/index.php\/mich-kontaktieren\/","title":{"rendered":"MICH KONTAKTIEREN"},"content":{"rendered":"\n<p>Du m\u00f6chtest mich kontaktieren? Hast du eine Frage oder konstruktive L\u00f6sungsvorschl\u00e4ge? Bitte f\u00fclle das untenstehende Formular aus. Danke f\u00fcr dein Interesse!<\/p>\n\n\n<div class=\"wpforms-container wpforms-container-full wpforms-block wpforms-block-c9c7dc8c-1f82-454c-9e05-258486b122e0 wpforms-render-modern\" id=\"wpforms-1661\"><form id=\"wpforms-form-1661\" class=\"wpforms-validate wpforms-form wpforms-ajax-form\" data-formid=\"1661\" method=\"post\" enctype=\"multipart\/form-data\" action=\"\/index.php\/wp-json\/wp\/v2\/pages\/1664\" data-token=\"f68df432dc19909dd8095049d378e021\" data-token-time=\"1776777684\"><noscript class=\"wpforms-error-noscript\">Bitte aktiviere JavaScript in deinem Browser, um dieses Formular fertigzustellen.<\/noscript><div id=\"wpforms-error-noscript\" style=\"display: none;\">Bitte aktiviere JavaScript in deinem Browser, um dieses Formular fertigzustellen.<\/div><div class=\"wpforms-field-container\"><div id=\"wpforms-1661-field_0-container\" class=\"wpforms-field wpforms-field-name\" data-field-id=\"0\"><fieldset><legend class=\"wpforms-field-label\">Name <span class=\"wpforms-required-label\" aria-hidden=\"true\">*<\/span><\/legend><div class=\"wpforms-field-row wpforms-field-medium\"><div class=\"wpforms-field-row-block wpforms-first wpforms-one-half\"><input type=\"text\" id=\"wpforms-1661-field_0\" class=\"wpforms-field-name-first wpforms-field-required\" name=\"wpforms[fields][0][first]\" aria-errormessage=\"wpforms-1661-field_0-error\" required><label for=\"wpforms-1661-field_0\" class=\"wpforms-field-sublabel after\">Vorname<\/label><\/div><div class=\"wpforms-field-row-block wpforms-one-half\"><input type=\"text\" id=\"wpforms-1661-field_0-last\" class=\"wpforms-field-name-last wpforms-field-required\" name=\"wpforms[fields][0][last]\" aria-errormessage=\"wpforms-1661-field_0-last-error\" required><label for=\"wpforms-1661-field_0-last\" class=\"wpforms-field-sublabel after\">Nachname<\/label><\/div><\/div><\/fieldset><\/div><div id=\"wpforms-1661-field_1-container\" class=\"wpforms-field wpforms-field-email\" data-field-id=\"1\"><label class=\"wpforms-field-label\" for=\"wpforms-1661-field_1\">E-Mail <span class=\"wpforms-required-label\" aria-hidden=\"true\">*<\/span><\/label><input type=\"email\" id=\"wpforms-1661-field_1\" class=\"wpforms-field-medium wpforms-field-required\" name=\"wpforms[fields][1]\" spellcheck=\"false\" aria-errormessage=\"wpforms-1661-field_1-error\" required><\/div><div id=\"wpforms-1661-field_6-container\" class=\"wpforms-field wpforms-field-text\" data-field-id=\"6\"><label class=\"wpforms-field-label\" for=\"wpforms-1661-field_6\">Betreff<\/label><input type=\"text\" id=\"wpforms-1661-field_6\" class=\"wpforms-field-medium\" name=\"wpforms[fields][6]\" aria-errormessage=\"wpforms-1661-field_6-error\" ><\/div><div id=\"wpforms-1661-field_2-container\" class=\"wpforms-field wpforms-field-textarea\" data-field-id=\"2\"><label class=\"wpforms-field-label\" for=\"wpforms-1661-field_2\">Kommentar oder Nachricht<\/label><textarea id=\"wpforms-1661-field_2\" class=\"wpforms-field-medium\" name=\"wpforms[fields][2]\" aria-errormessage=\"wpforms-1661-field_2-error\" ><\/textarea><\/div><\/div><!-- .wpforms-field-container --><div class=\"wpforms-submit-container\" ><input type=\"hidden\" name=\"wpforms[id]\" value=\"1661\"><input type=\"hidden\" name=\"page_title\" value=\"\"><input type=\"hidden\" name=\"page_url\" value=\"https:\/\/beguinjunger.ch\/index.php\/wp-json\/wp\/v2\/pages\/1664\"><input type=\"hidden\" name=\"url_referer\" value=\"\"><button type=\"submit\" name=\"wpforms[submit]\" id=\"wpforms-submit-1661\" class=\"wpforms-submit\" data-alt-text=\"Senden\u2026\" data-submit-text=\"Absenden\" aria-live=\"assertive\" value=\"wpforms-submit\">Absenden<\/button><img loading=\"lazy\" decoding=\"async\" src=\"https:\/\/beguinjunger.ch\/wp-content\/plugins\/wpforms-lite\/assets\/images\/submit-spin.svg\" class=\"wpforms-submit-spinner\" style=\"display: none;\" width=\"26\" height=\"26\" alt=\"Wird geladen\"><\/div><\/form><\/div>  <!-- .wpforms-container -->","protected":false},"excerpt":{"rendered":"<p>Du m\u00f6chtest mich kontaktieren? Hast du eine Frage oder konstruktive L\u00f6sungsvorschl\u00e4ge? Bitte f\u00fclle das untenstehende Formular aus. Danke f\u00fcr dein Interesse!<\/p>\n","protected":false},"author":1,"featured_media":0,"parent":0,"menu_order":0,"comment_status":"closed","ping_status":"closed","template":"","meta":{"zakra_page_container_layout":"customizer","zakra_page_sidebar_layout":"customizer","zakra_remove_content_margin":false,"zakra_sidebar":"customizer","zakra_transparent_header":"customizer","zakra_logo":0,"zakra_main_header_style":"default","zakra_menu_item_color":null,"zakra_menu_item_hover_color":"","zakra_menu_item_active_color":"","zakra_menu_active_style":"","zakra_page_header":true,"_uag_custom_page_level_css":"","_monsterinsights_skip_tracking":false,"_monsterinsights_sitenote_active":false,"_monsterinsights_sitenote_note":"","_monsterinsights_sitenote_category":0,"footnotes":""},"class_list":["post-1664","page","type-page","status-publish","hentry"],"uagb_featured_image_src":{"full":false,"thumbnail":false,"medium":false,"medium_large":false,"large":false,"1536x1536":false,"2048x2048":false},"uagb_author_info":{"display_name":"admin5055","author_link":"https:\/\/beguinjunger.ch\/index.php\/author\/admin5055\/"},"uagb_comment_info":0,"uagb_excerpt":"Du m\u00f6chtest mich kontaktieren? Hast du eine Frage oder konstruktive L\u00f6sungsvorschl\u00e4ge? Bitte f\u00fclle das untenstehende Formular aus. Danke f\u00fcr dein Interesse!","_links":{"self":[{"href":"https:\/\/beguinjunger.ch\/index.php\/wp-json\/wp\/v2\/pages\/1664","targetHints":{"allow":["GET"]}}],"collection":[{"href":"https:\/\/beguinjunger.ch\/index.php\/wp-json\/wp\/v2\/pages"}],"about":[{"href":"https:\/\/beguinjunger.ch\/index.php\/wp-json\/wp\/v2\/types\/page"}],"author":[{"embeddable":true,"href":"https:\/\/beguinjunger.ch\/index.php\/wp-json\/wp\/v2\/users\/1"}],"replies":[{"embeddable":true,"href":"https:\/\/beguinjunger.ch\/index.php\/wp-json\/wp\/v2\/comments?post=1664"}],"version-history":[{"count":7,"href":"https:\/\/beguinjunger.ch\/index.php\/wp-json\/wp\/v2\/pages\/1664\/revisions"}],"predecessor-version":[{"id":1723,"href":"https:\/\/beguinjunger.ch\/index.php\/wp-json\/wp\/v2\/pages\/1664\/revisions\/1723"}],"wp:attachment":[{"href":"https:\/\/beguinjunger.ch\/index.php\/wp-json\/wp\/v2\/media?parent=1664"}],"curies":[{"name":"wp","href":"https:\/\/api.w.org\/{rel}","templated":true}]}}